{"id":184,"date":"2014-12-19T06:46:44","date_gmt":"2014-12-19T06:46:44","guid":{"rendered":"http:\/\/findais.fi\/?page_id=184"},"modified":"2025-04-01T11:54:41","modified_gmt":"2025-04-01T08:54:41","slug":"home","status":"publish","type":"page","link":"https:\/\/findais.fi\/","title":{"rendered":"Home"},"content":{"rendered":"<div id=\"pl-184\"  class=\"panel-layout\" ><div id=\"pg-184-0\"  class=\"panel-grid panel-has-style\" ><div class=\"wide-grey panel-row-style panel-row-style-for-184-0\" ><div id=\"pgc-184-0-0\"  class=\"panel-grid-cell\" ><div id=\"panel-184-0-0-0\" class=\"so-panel widget widget_headline-widget panel-first-child panel-last-child\" data-index=\"0\" ><div class=\"panel-widget-style panel-widget-style-for-184-0-0-0\" >\t\t<h1>FINDAIS<\/h1>\n\t\t<div class=\"decoration\"><div class=\"decoration-inside\"><\/div><\/div>\n\t\t<h3>menestyksen kehitt\u00e4miskumppani<\/h3>\n\t\t<\/div><\/div><\/div><\/div><\/div><div id=\"pg-184-1\"  class=\"panel-grid panel-no-style\" ><div id=\"pgc-184-1-0\"  class=\"panel-grid-cell\" ><div id=\"panel-184-1-0-0\" class=\"so-panel widget widget_circleicon-widget panel-first-child panel-last-child\" data-index=\"1\" >\t\t<div class=\"circle-icon-box circle-icon-position-top circle-icon-hide-box circle-icon-size-small\">\n\t\t\t<div class=\"circle-icon-wrapper\">\n\t\t\t\t\t\t\t\t<div class=\"circle-icon icon-style-set\" style=\"background-color: #08587d\">\n\t\t\t\t\t<div class=\"fa fa-euro icon-color-set\" style=\"color: #ffffff\"><\/div>\t\t\t\t<\/div>\n\t\t\t\t\t\t\t<\/div>\n\n\t\t\t\t\t\t<h4 >Yrityskaupat<\/h4>\t\t\t\n\t\t\t<p class=\"text\" >Omistajanvaihdokset ja sukupolvenvaihdokset<\/p>\t\t\t\t\t\t\t<a href=\"https:\/\/findais.fi\/?page_id=70\" class=\"more-button\" >Lue lis\u00e4\u00e4 <i><\/i><\/a>\n\t\t\t\t\t<\/div>\n\t\t<\/div><\/div><div id=\"pgc-184-1-1\"  class=\"panel-grid-cell\" ><div id=\"panel-184-1-1-0\" class=\"so-panel widget widget_circleicon-widget panel-first-child panel-last-child\" data-index=\"2\" >\t\t<div class=\"circle-icon-box circle-icon-position-top circle-icon-hide-box circle-icon-size-small\">\n\t\t\t<div class=\"circle-icon-wrapper\">\n\t\t\t\t\t\t\t\t<div class=\"circle-icon icon-style-set\" style=\"background-color: #08587d\">\n\t\t\t\t\t<div class=\"fa fa-group icon-color-set\" style=\"color: #ffffff\"><\/div>\t\t\t\t<\/div>\n\t\t\t\t\t\t\t<\/div>\n\n\t\t\t\t\t\t<h4 >Johtaminen<\/h4>\t\t\t\n\t\t\t<p class=\"text\" >Muutoksen johtaminen pienyrityksiss\u00e4 ja -organisaatioissa taloudellisten olosuhteiden muuttuessa<\/p>\t\t\t\t\t\t\t<a href=\"https:\/\/findais.fi\/?page_id=93\" class=\"more-button\" >Lue lis\u00e4\u00e4 koulutuksista <i><\/i><\/a>\n\t\t\t\t\t<\/div>\n\t\t<\/div><\/div><div id=\"pgc-184-1-2\"  class=\"panel-grid-cell\" ><div id=\"panel-184-1-2-0\" class=\"so-panel widget widget_circleicon-widget panel-first-child panel-last-child\" data-index=\"3\" >\t\t<div class=\"circle-icon-box circle-icon-position-top circle-icon-hide-box circle-icon-size-small\">\n\t\t\t<div class=\"circle-icon-wrapper\">\n\t\t\t\t\t\t\t\t<div class=\"circle-icon icon-style-set\" style=\"background-color: #08587d\">\n\t\t\t\t\t<div class=\"fa fa-plus-square icon-color-set\" style=\"color: #ffffff\"><\/div>\t\t\t\t<\/div>\n\t\t\t\t\t\t\t<\/div>\n\n\t\t\t\t\t\t<h4 >Hoiva-ala<\/h4>\t\t\t\n\t\t\t<p class=\"text\" >Menolis\u00e4\u00e4j\u00e4st\u00e4 tulonmuodostajaksi<\/p>\t\t\t\t\t\t\t<a href=\"https:\/\/findais.fi\/?page_id=93\" class=\"more-button\" >Lue lis\u00e4\u00e4 koulutuksista <i><\/i><\/a>\n\t\t\t\t\t<\/div>\n\t\t<\/div><\/div><div id=\"pgc-184-1-3\"  class=\"panel-grid-cell\" ><div id=\"panel-184-1-3-0\" class=\"so-panel widget widget_circleicon-widget panel-first-child panel-last-child\" data-index=\"4\" >\t\t<div class=\"circle-icon-box circle-icon-position-top circle-icon-hide-box circle-icon-size-small\">\n\t\t\t<div class=\"circle-icon-wrapper\">\n\t\t\t\t\t\t\t\t<div class=\"circle-icon icon-style-set\" style=\"background-color: #08587d\">\n\t\t\t\t\t<div class=\"fa fa-bar-chart-o icon-color-set\" style=\"color: #ffffff\"><\/div>\t\t\t\t<\/div>\n\t\t\t\t\t\t\t<\/div>\n\n\t\t\t\t\t\t<h4 >Analyysit avuksi<\/h4>\t\t\t\n\t\t\t<p class=\"text\" >Lyhyempi tie p\u00e4\u00e4m\u00e4\u00e4r\u00e4n saavuttamiseen..<\/p>\t\t\t\t\t\t\t<a href=\"https:\/\/findais.fi\/?page_id=93\" class=\"more-button\" >Lue lis\u00e4\u00e4 koulutuksista <i><\/i><\/a>\n\t\t\t\t\t<\/div>\n\t\t<\/div><\/div><\/div><div id=\"pg-184-2\"  class=\"panel-grid panel-no-style\" ><div id=\"pgc-184-2-0\"  class=\"panel-grid-cell\" ><div id=\"panel-184-2-0-0\" class=\"so-panel widget widget_text panel-first-child panel-last-child\" data-index=\"5\" ><div class=\"panel-widget-style panel-widget-style-for-184-2-0-0\" >\t\t\t<div class=\"textwidget\"><br><br><center><h3> Ajankohtaista <\/h3><\/center><\/div>\n\t\t<\/div><\/div><\/div><\/div><div id=\"pg-184-3\"  class=\"panel-grid panel-no-style\" ><div id=\"pgc-184-3-0\"  class=\"panel-grid-cell\" ><div id=\"panel-184-3-0-0\" class=\"so-panel widget widget_siteorigin-panels-postloop panel-first-child panel-last-child\" data-index=\"6\" ><h3 class=\"widget-title\"><span class=\"vantage-carousel-title\"><span class=\"vantage-carousel-title-text\"><\/span><a href=\"#\" class=\"next\" title=\"Next\"><span class=\"vantage-icon-arrow-right\"><\/span><\/a><a href=\"#\" class=\"previous\" title=\"Previous\"><span class=\"vantage-icon-arrow-left\"><\/span><\/a><\/span><\/h3><div class=\"vantage-carousel-wrapper\">\n\n\t\n\t<ul class=\"vantage-carousel\" data-query=\"{&quot;more&quot;:true,&quot;post_type&quot;:&quot;post&quot;,&quot;posts_per_page&quot;:10,&quot;orderby&quot;:&quot;date&quot;,&quot;order&quot;:&quot;DESC&quot;,&quot;panels_info&quot;:{&quot;class&quot;:&quot;SiteOrigin_Panels_Widgets_PostLoop&quot;,&quot;raw&quot;:false,&quot;grid&quot;:3,&quot;cell&quot;:0,&quot;id&quot;:6,&quot;widget_id&quot;:&quot;fe26489b-c225-454a-a340-122d77865e8d&quot;,&quot;style&quot;:{&quot;background_display&quot;:&quot;tile&quot;},&quot;cell_index&quot;:0,&quot;widget_index&quot;:6},&quot;id&quot;:&quot;siteorigin-panels-postloop-18410006&quot;,&quot;option_name&quot;:&quot;widget_siteorigin-panels-postloop&quot;,&quot;cat&quot;:2,&quot;paged&quot;:1,&quot;post__not_in&quot;:[184],&quot;category_name&quot;:&quot;ajankohtaista&quot;,&quot;lazy_load_term_meta&quot;:true}\" data-ajax-url=\"https:\/\/findais.fi\/wp-admin\/admin-ajax.php\">\n\t\t\t\t\t<li class=\"carousel-entry\">\n\t\t\t\t<div class=\"thumbnail\">\n\t\t\t\t\t\t\t\t\t\t<br \/>\n<b>Warning<\/b>:  Trying to access array offset on value of type bool in <b>\/data\/www\/findaisfi1\/findaisfi1\/findais.fi\/wp-content\/themes\/vantage\/loops\/loop-carousel.php<\/b> on line <b>15<\/b><br \/>\n\t\t\t\t\t\t<a href=\"https:\/\/findais.fi\/?p=263\" class=\"default-thumbnail\"><span class=\"vantage-overlay\"><\/span><\/a>\n\t\t\t\t\t\t\t\t\t<\/div>\n\t\t\t\t\t\t\t\t<h3><a href=\"https:\/\/findais.fi\/?p=263\">Kaavin palvelutalo Vehkakoti Coronarialle<\/a><\/h3>\n\t\t\t<\/li>\n\t\t\t\t\t<li class=\"carousel-entry\">\n\t\t\t\t<div class=\"thumbnail\">\n\t\t\t\t\t\t\t\t\t\t<br \/>\n<b>Warning<\/b>:  Trying to access array offset on value of type bool in <b>\/data\/www\/findaisfi1\/findaisfi1\/findais.fi\/wp-content\/themes\/vantage\/loops\/loop-carousel.php<\/b> on line <b>15<\/b><br \/>\n\t\t\t\t\t\t<a href=\"https:\/\/findais.fi\/?p=138\" class=\"default-thumbnail\"><span class=\"vantage-overlay\"><\/span><\/a>\n\t\t\t\t\t\t\t\t\t<\/div>\n\t\t\t\t\t\t\t\t<h3><a href=\"https:\/\/findais.fi\/?p=138\">Curanda Terveyspalvelut Oy siirtyi Attendolle<\/a><\/h3>\n\t\t\t<\/li>\n\t\t\t<\/ul>\n<\/div>\n<\/div><\/div><\/div><\/div>","protected":false},"excerpt":{"rendered":"","protected":false},"author":1,"featured_media":0,"parent":0,"menu_order":0,"comment_status":"closed","ping_status":"open","template":"home-panels.php","meta":{"footnotes":""},"class_list":["post-184","page","type-page","status-publish","hentry","post"],"_links":{"self":[{"href":"https:\/\/findais.fi\/index.php?rest_route=\/wp\/v2\/pages\/184","targetHints":{"allow":["GET"]}}],"collection":[{"href":"https:\/\/findais.fi\/index.php?rest_route=\/wp\/v2\/pages"}],"about":[{"href":"https:\/\/findais.fi\/index.php?rest_route=\/wp\/v2\/types\/page"}],"author":[{"embeddable":true,"href":"https:\/\/findais.fi\/index.php?rest_route=\/wp\/v2\/users\/1"}],"replies":[{"embeddable":true,"href":"https:\/\/findais.fi\/index.php?rest_route=%2Fwp%2Fv2%2Fcomments&post=184"}],"version-history":[{"count":4,"href":"https:\/\/findais.fi\/index.php?rest_route=\/wp\/v2\/pages\/184\/revisions"}],"predecessor-version":[{"id":326,"href":"https:\/\/findais.fi\/index.php?rest_route=\/wp\/v2\/pages\/184\/revisions\/326"}],"wp:attachment":[{"href":"https:\/\/findais.fi\/index.php?rest_route=%2Fwp%2Fv2%2Fmedia&parent=184"}],"curies":[{"name":"wp","href":"https:\/\/api.w.org\/{rel}","templated":true}]}}