{"id":70,"date":"2014-11-06T07:12:20","date_gmt":"2014-11-06T05:12:20","guid":{"rendered":"http:\/\/127.0.0.1\/findais\/?page_id=2"},"modified":"2025-04-01T11:55:09","modified_gmt":"2025-04-01T08:55:09","slug":"esimerkkisivu-3","status":"publish","type":"page","link":"https:\/\/findais.fi\/?page_id=70","title":{"rendered":"Yrityskaupat"},"content":{"rendered":"<p>Findais ky on terveydenhuollon yrityskauppojen asiantuntija. Olemme keskittyneet hoitamaan terveydenhuollon ja hammashoidon yrityskauppoja, mutta my\u00f6s hoiva-alan yrityskauppoja.<!--more--><\/p>\n<h2>YRITT\u00c4J\u00c4LLE PALKINTO EL\u00c4M\u00c4NTY\u00d6ST\u00c4<\/h2>\n<p>Yritt\u00e4j\u00e4lle kuuluu el\u00e4m\u00e4nty\u00f6st\u00e4\u00e4n palkinto omistajan- tai sukupolvenvaihdoksen kautta. Omistajanvaihdoksissa tarvitaan monipuolista asiantuntemusta, hyv\u00e4t riippumattomat yhteydet toimialan kaikkiin ostajatahoihin, p\u00e4\u00e4omasijoittajiin ja kiinteist\u00f6investoreihin, jotta maaliin p\u00e4\u00e4st\u00e4\u00e4n mahdollisimman hyv\u00e4ll\u00e4 tuloksella. Findaisilla on tarjota kaikki t\u00e4m\u00e4. Yrityskauppapalveluumme kuuluu koko prosessi yrityksen perustietojen keruusta ja hinnanm\u00e4\u00e4rityksest\u00e4 eri ostajien kanssa k\u00e4yt\u00e4viin neuvotteluihin, verolaskelmiin, kauppakirjojen juridiseen tarkistamiseen ja aina toteutettujen kauppojen j\u00e4lkihoitoon saakka. Findais on toiminut vuodesta 1991.<\/p>\n<p><b>OMISTAJANVAIHDOKSET<\/b><\/p>\n<ul>\n<li>Miten valmistaudun omistajanvaihdoksiin?<\/li>\n<li>Miten valmistaudun yrityskauppaan?<\/li>\n<li>Ostajan ja myyj\u00e4n haasteet<\/li>\n<li>Yrityksen arvonm\u00e4\u00e4ritys<\/li>\n<li>Yrityksen immateriaalinen arvo<\/li>\n<li>Mit\u00e4 luen tilinp\u00e4\u00e4t\u00f6ksest\u00e4?<\/li>\n<li>Miten yrityskauppa rahoitetaan?<\/li>\n<li>Yrityskaupan k\u00e4yt\u00e4nn\u00f6n toteutus<\/li>\n<li>Case-esimerkkej\u00e4 yrityskaupoista<\/li>\n<\/ul>\n<p><b>LIIKETOIMINNAN YLEINEN KEHITT\u00c4MINEN<\/b><\/p>\n<ul>\n<li>Miten ja miten usein liiketoimintasuunnitelmaa uudistetaan?<\/li>\n<li>Miten kehit\u00e4n liikeideaani?<\/li>\n<li>Miten reagoin toimialani muutoksiin?<\/li>\n<li>Miten reagoin asiakkaiden muuttuviin tarpeisiin?<\/li>\n<li>Miten ker\u00e4t\u00e4 ajantasaista asiakastietoutta?<\/li>\n<li>Miten hallitsen jatkuvan muutoksen?<\/li>\n<\/ul>\n<p><b>Kun pohdit yrityskauppaa tai haluat saada kaupan maaliin, ota yhteytt\u00e4:<\/b><\/p>\n<p><b>JOHTAVA KOULUTTAJA<\/b><br \/>\nJarkko Wuorinen<br \/>\njarkko.wuorinen [at] gmail.com<br \/>\n<span class=\"txtlinkki\"><a href=\"https:\/\/www.wuorinen.fi\">www.wuorinen.fi<\/a><\/span><\/p>\n<p>&nbsp;<\/p>\n","protected":false},"excerpt":{"rendered":"<p>Findais ky on terveydenhuollon yrityskauppojen asiantuntija. Olemme keskittyneet hoitamaan terveydenhuollon ja hammashoidon yrityskauppoja, mutta my\u00f6s hoiva-alan yrityskauppoja.<\/p>\n","protected":false},"author":1,"featured_media":0,"parent":0,"menu_order":0,"comment_status":"closed","ping_status":"closed","template":"","meta":{"footnotes":""},"class_list":["post-70","page","type-page","status-publish","hentry","post"],"_links":{"self":[{"href":"https:\/\/findais.fi\/index.php?rest_route=\/wp\/v2\/pages\/70","targetHints":{"allow":["GET"]}}],"collection":[{"href":"https:\/\/findais.fi\/index.php?rest_route=\/wp\/v2\/pages"}],"about":[{"href":"https:\/\/findais.fi\/index.php?rest_route=\/wp\/v2\/types\/page"}],"author":[{"embeddable":true,"href":"https:\/\/findais.fi\/index.php?rest_route=\/wp\/v2\/users\/1"}],"replies":[{"embeddable":true,"href":"https:\/\/findais.fi\/index.php?rest_route=%2Fwp%2Fv2%2Fcomments&post=70"}],"version-history":[{"count":4,"href":"https:\/\/findais.fi\/index.php?rest_route=\/wp\/v2\/pages\/70\/revisions"}],"predecessor-version":[{"id":327,"href":"https:\/\/findais.fi\/index.php?rest_route=\/wp\/v2\/pages\/70\/revisions\/327"}],"wp:attachment":[{"href":"https:\/\/findais.fi\/index.php?rest_route=%2Fwp%2Fv2%2Fmedia&parent=70"}],"curies":[{"name":"wp","href":"https:\/\/api.w.org\/{rel}","templated":true}]}}