{"id":93,"date":"2014-12-09T13:10:16","date_gmt":"2014-12-09T11:10:16","guid":{"rendered":"http:\/\/127.0.0.1\/findais2\/?page_id=93"},"modified":"2025-04-01T12:11:04","modified_gmt":"2025-04-01T09:11:04","slug":"koulutustarjonta","status":"publish","type":"page","link":"https:\/\/findais.fi\/?page_id=93","title":{"rendered":"Koulutustarjonta"},"content":{"rendered":"<div id=\"pl-93\"  class=\"panel-layout\" ><div id=\"pg-93-0\"  class=\"panel-grid panel-no-style\" ><div id=\"pgc-93-0-0\"  class=\"panel-grid-cell\" ><div id=\"panel-93-0-0-0\" class=\"so-panel widget widget_media_image panel-first-child panel-last-child\" data-index=\"0\" ><img loading=\"lazy\" decoding=\"async\" width=\"176\" height=\"214\" src=\"https:\/\/findais.fi\/wp-content\/uploads\/2014\/12\/wuorinen.jpg\" class=\"image wp-image-230  attachment-full size-full\" alt=\"\" style=\"max-width: 100%; height: auto;\" \/><\/div><\/div><div id=\"pgc-93-0-1\"  class=\"panel-grid-cell\" ><div id=\"panel-93-0-1-0\" class=\"so-panel widget widget_text panel-first-child panel-last-child\" data-index=\"1\" >\t\t\t<div class=\"textwidget\"><h3 class=\"widget-title\">Jarkko Wuorinen<\/h3>\n<div class=\"textwidget\">\n<ul>\n<li>Kouluttaja ja konsultti sek\u00e4 yritysten v\u00e4litt\u00e4j\u00e4<\/li>\n<li>Myi 2011 hammasl\u00e4\u00e4k\u00e4riasemia ja hammaslaboratorioita k\u00e4sitt\u00e4v\u00e4n yritysryhm\u00e4ns\u00e4, jota oli kehitt\u00e4nyt 35 vuotta<\/li>\n<li>Omaa vankan kokemuksen hallitusty\u00f6skentelyst\u00e4, toimitusjohtajuudesta ja johtavana kouluttajana toimimisesta<\/li>\n<li>Toimii suomalaisen ja eurooppalaisen yritysedunvalvonnan johtoteht\u00e4viss\u00e4<\/li>\n<li>Ty\u00f6skentelee maakunnan, seutukunnan ja kuntatason elinkeinopolitiikan strategia- ja johtoteht\u00e4viss\u00e4<\/li>\n<li>Toteuttanut useita yritystoimintaan ja terveydenhoitoon liittyvi\u00e4 tutkimuksia<\/li>\n<li>Julkaisutoiminnasta esimerkkin\u00e4 kirja \u201dYritt\u00e4v\u00e4 el\u00e4m\u00e4nasenne \u2013 kehittyminen yksil\u00f6n\u00e4 ja yhteis\u00f6n\u00e4\u201d<\/li>\n<li>Lisensiaattikoulutusta t\u00e4ydent\u00e4nyt erilaisilla johtamis-, markkinointi- ja valmentajakoulutuksilla, Smart Marketing ADA, Lontoo sek\u00e4 TV 1 Juontajakoulutus<\/li>\n<li>HLL, JOKO<\/li>\n<\/ul>\n<\/div>\n<\/div>\n\t\t<\/div><\/div><\/div><div id=\"pg-93-1\"  class=\"panel-grid panel-no-style\" ><div id=\"pgc-93-1-0\"  class=\"panel-grid-cell\" ><div id=\"panel-93-1-0-0\" class=\"widget_text so-panel widget widget_custom_html panel-first-child panel-last-child\" data-index=\"2\" ><div class=\"textwidget custom-html-widget\"><h3>Hoiva-ala<\/h3>\n<ul>\n\t<li><span class=\"txtlinkki\"><a title=\"Lataa koulutusesittely\" href=\"https:\/\/findais.fi\/wp-content\/uploads\/2014\/12\/HOIVA-ALA_MENOLISAAJASTA_TULONMUODOSTAJAKSI.pdf\" target=\"_blank\">Hoiva-ala menolis\u00e4\u00e4j\u00e4st\u00e4 tulonmuodostajaksi<\/a> (Kouluttajana Jarkko Wuorinen)<\/span><\/li>\n\t<li><span class=\"txtlinkki\"><a title=\"Lataa koulutusesittely\" href=\"https:\/\/findais.fi\/wp-content\/uploads\/2014\/12\/HOIVA-_JA-HYVINVOINTIALAN_LIIKETOIMINNAN_ALUEELLINEN_KEHITTAMINEN_TULEVAISUUDESSA.pdf\" target=\"_blank\">Hoiva- ja hyvinvointialan liiketoiminnan alueellinen kehitt\u00e4minen tulevaisuudessa<\/a> (Kouluttajana Jarkko Wuorinen)<\/span><\/li>\n<\/ul>\n<h3>Kuntapalvelujen uudistaminen<\/h3>\n<ul>\n\t<li><span class=\"txtlinkki\"><a title=\"Lataa koulutusesittely\" href=\"https:\/\/findais.fi\/wp-content\/uploads\/2014\/12\/PALVELUSETELEIDEN_MAHDOLLISUUDET_JA_KAYTTO.pdf\" target=\"_blank\">Palveluseteleiden mahdollisuudet ja k\u00e4ytt\u00f6<\/a> (Kouluttajana Jarkko Wuorinen)<\/span><\/li>\n\t<li><span class=\"txtlinkki\"><a href=\"https:\/\/findais.fi\/wp-content\/uploads\/2014\/12\/PAATOKSENTEON_YRITYSVAIKUTUSTEN_ARVIOINTI.pdf\" target=\"_blank\">P\u00e4\u00e4t\u00f6ksenteon yritysvaikutusten arviointi <\/a>(Kouluttajana Jarkko Wuorinen)<\/span><\/li>\n<\/ul>\n<h3>Yritt\u00e4jyyskasvatus<\/h3>\n<ul>\n\t<li><span class=\"txtlinkki\"><a title=\"Lataa koulutusesittely\" href=\"https:\/\/findais.fi\/wp-content\/uploads\/2014\/12\/YRITTAJYYSKASVATUS-ASENTEET-PERSOONA.pdf\" target=\"_blank\">Yritt\u00e4jyyskasvatus, -asenteet, -persoona<\/a> (Kouluttajana Jarkko Wuorinen)<\/span><\/li>\n<\/ul>\n<h3>Johtaminen<\/h3>\n<ul>\n\t<li><span class=\"txtlinkki\"><a title=\"Lataa koulutusesittely\" href=\"https:\/\/findais.fi\/wp-content\/uploads\/2014\/12\/MUUTOKSEN_JOHTAMINEN_PIENYRITYKSISSA_JA_-ORGANISAATIOISSA_TALOUDELLISTEN_OLOSUHTEIDEN_MUUTTUESSA.pdf\" target=\"_blank\"> Muutoksen johtaminen pienyrityksiss\u00e4 ja -organisaatioissa olosuhteiden muuttuessa<\/a> (Kouluttajana Jarkko Wuorinen)<\/span><\/li>\n\t<li><span class=\"txtlinkki\"><a href=\"https:\/\/findais.fi\/wp-content\/uploads\/2014\/12\/OY_MINA_AB_ITSENSA_JOHTAMINEN.pdf\" target=\"_blank\">Oy Min\u00e4 AB - Itsens\u00e4 johtaminen<\/a> (Kouluttajana Jarkko Wuorinen)<\/span><\/li>\n\t<li><span class=\"txtlinkki\"><a title=\"Lataa koulutusesittely\" href=\"https:\/\/findais.fi\/wp-content\/uploads\/2014\/12\/PALVELUHENKI_MENESTYSTEKIJANA.pdf\" target=\"_blank\">Palveluhenki menestystekij\u00e4n\u00e4<\/a> (Kouluttajina Jarkko Wuorinen ja Seija Lahti)<\/span><\/li>\n<\/ul>\n<h3>Elinkeinopolitiikka<\/h3>\n<ul>\n\t<li><span class=\"txtlinkki\"><a href=\"https:\/\/findais.fi\/wp-content\/uploads\/2014\/12\/MITEN_ELINKEINOPOLITIIKALLA_TURVATAAN_SEUTUKUNTIEN_JA_YRITYSTOIMINNAN_TULEVAISUUS.pdf\" target=\"_blank\">Miten elinkeinopolitiikalla turvataan seutukuntien ja yritystoiminnan tulevaisuus? <\/a>(Kouluttajana Jarkko Wuorinen)<\/span><\/li>\n\t<li><span class=\"txtlinkki\"><a href=\"https:\/\/findais.fi\/wp-content\/uploads\/2014\/12\/ALUEELLISEN_ELINKEINOPOLITIIKAN_JA_YRITTAJYYDEN_TUKEMISEN.pdf\" target=\"_blank\">Alueellisen elinkeinopolitiikan ja yritt\u00e4jyyden tukemisen ABC <\/a>(Kouluttajana Jarkko Wuorinen)<\/span><\/li>\n<\/ul>\n<h3>Analyysit avuksi<\/h3>\n<ul>\n\t<li><span class=\"txtlinkki\"><a title=\"Lataa koulutusesittely\" href=\"https:\/\/findais.fi\/wp-content\/uploads\/2014\/12\/LYHYEMPI_TIE_PAAMAARAN_SAAVUUTTAMISEEN_YRITYKSESSA_JA_TYOYHTEISOSSA.pdf\" target=\"_blank\">Lyhyempi tie p\u00e4\u00e4m\u00e4\u00e4r\u00e4n saavuttamiseen yrityksess\u00e4 ja ty\u00f6yhteis\u00f6ss\u00e4<\/a> (Kouluttajana Seija Lahti)<\/span><\/li>\n<\/ul>\n<h3>Asiakkuuksien johtaminen<\/h3>\n<ul>\n\t<li><span class=\"txtlinkki\"><a title=\"Lataa koulutusesittely\" href=\"https:\/\/findais.fi\/wp-content\/uploads\/2014\/12\/ASIAKASSUHTEIDEN_VAALIMISELLA_PAREMPAA_TULOSTA.pdf\" target=\"_blank\">Asiakassuhteiden vaalimisella parempaa tulosta<\/a> (Kouluttajina Jarkko Wuorinen ja Seija Lahti)<\/span><\/li>\n<\/ul>\n\n<h3>Urheilusponsorointi<\/h3>\n<p>\n\tOlemme mukana padelin ja tenniksen urheilusponsoroinnin tekemisess\u00e4. T\u00e4ll\u00e4 hetkell\u00e4 toimimme mm. suomen padel rankingin ykk\u00f6sen\u00e4 olevan Janne Wuorisen puolesta.\n<\/p><\/div><\/div><\/div><\/div><\/div>","protected":false},"excerpt":{"rendered":"<p>Jarkko Wuorinen Kouluttaja ja konsultti sek\u00e4 yritysten v\u00e4litt\u00e4j\u00e4 Myi 2011 hammasl\u00e4\u00e4k\u00e4riasemia ja hammaslaboratorioita k\u00e4sitt\u00e4v\u00e4n yritysryhm\u00e4ns\u00e4, jota oli kehitt\u00e4nyt 35 vuotta Omaa vankan kokemuksen hallitusty\u00f6skentelyst\u00e4, toimitusjohtajuudesta ja johtavana kouluttajana toimimisesta Toimii suomalaisen ja eurooppalaisen yritysedunvalvonnan johtoteht\u00e4viss\u00e4 Ty\u00f6skentelee maakunnan, seutukunnan ja kuntatason elinkeinopolitiikan strategia- ja johtoteht\u00e4viss\u00e4 Toteuttanut useita yritystoimintaan ja terveydenhoitoon liittyvi\u00e4 tutkimuksia Julkaisutoiminnasta esimerkkin\u00e4 kirja \u201dYritt\u00e4v\u00e4 [&hellip;]<\/p>\n","protected":false},"author":1,"featured_media":0,"parent":0,"menu_order":0,"comment_status":"closed","ping_status":"closed","template":"","meta":{"footnotes":""},"class_list":["post-93","page","type-page","status-publish","hentry","post"],"_links":{"self":[{"href":"https:\/\/findais.fi\/index.php?rest_route=\/wp\/v2\/pages\/93","targetHints":{"allow":["GET"]}}],"collection":[{"href":"https:\/\/findais.fi\/index.php?rest_route=\/wp\/v2\/pages"}],"about":[{"href":"https:\/\/findais.fi\/index.php?rest_route=\/wp\/v2\/types\/page"}],"author":[{"embeddable":true,"href":"https:\/\/findais.fi\/index.php?rest_route=\/wp\/v2\/users\/1"}],"replies":[{"embeddable":true,"href":"https:\/\/findais.fi\/index.php?rest_route=%2Fwp%2Fv2%2Fcomments&post=93"}],"version-history":[{"count":16,"href":"https:\/\/findais.fi\/index.php?rest_route=\/wp\/v2\/pages\/93\/revisions"}],"predecessor-version":[{"id":343,"href":"https:\/\/findais.fi\/index.php?rest_route=\/wp\/v2\/pages\/93\/revisions\/343"}],"wp:attachment":[{"href":"https:\/\/findais.fi\/index.php?rest_route=%2Fwp%2Fv2%2Fmedia&parent=93"}],"curies":[{"name":"wp","href":"https:\/\/api.w.org\/{rel}","templated":true}]}}